{"id":838,"date":"2026-03-07T09:45:38","date_gmt":"2026-03-07T09:45:38","guid":{"rendered":"https:\/\/visualpyme.es\/?page_id=838"},"modified":"2026-03-07T09:48:48","modified_gmt":"2026-03-07T09:48:48","slug":"politica-de-cookies","status":"publish","type":"page","link":"https:\/\/visualpyme.es\/index.php\/politica-de-cookies\/","title":{"rendered":"\/politica-de-cookies"},"content":{"rendered":"\n<p><strong>POL\u00cdTICA DE COOKIES<\/strong><\/p>\n\n\n\n<p>Este sitio web utiliza cookies propias y de terceros para mejorar la experiencia de navegaci\u00f3n, analizar el tr\u00e1fico y ofrecer contenidos personalizados.<\/p>\n\n\n\n<hr class=\"wp-block-separator has-alpha-channel-opacity\"\/>\n\n\n\n<h3 class=\"wp-block-heading\">\u00bfQu\u00e9 son las cookies?<\/h3>\n\n\n\n<p>Las cookies son peque\u00f1os archivos que se almacenan en el dispositivo del usuario cuando visita un sitio web.<\/p>\n\n\n\n<hr class=\"wp-block-separator has-alpha-channel-opacity\"\/>\n\n\n\n<h3 class=\"wp-block-heading\">Tipos de cookies utilizadas<\/h3>\n\n\n\n<p><strong>Cookies t\u00e9cnicas<\/strong><br>Permiten el funcionamiento b\u00e1sico del sitio web y no pueden desactivarse.<\/p>\n\n\n\n<p><strong>Cookies de an\u00e1lisis<\/strong><br>Permiten analizar el comportamiento de los usuarios en el sitio web para mejorar su funcionamiento.<\/p>\n\n\n\n<p><strong>Cookies de marketing<\/strong><br>Permiten mostrar publicidad relevante y medir la eficacia de campa\u00f1as.<\/p>\n\n\n\n<hr class=\"wp-block-separator has-alpha-channel-opacity\"\/>\n\n\n\n<h3 class=\"wp-block-heading\">Gesti\u00f3n de cookies<\/h3>\n\n\n\n<p>El usuario puede aceptar, rechazar o configurar el uso de cookies mediante el banner mostrado al acceder al sitio web.<\/p>\n\n\n\n<p>Tambi\u00e9n puede configurar su navegador para bloquear o eliminar cookies.<\/p>\n","protected":false},"excerpt":{"rendered":"<p>POL\u00cdTICA DE COOKIES Este sitio web utiliza cookies propias y de terceros para mejorar la experiencia de navegaci\u00f3n, analizar el tr\u00e1fico y ofrecer contenidos personalizados. \u00bfQu\u00e9 son las cookies? Las cookies son peque\u00f1os archivos que se almacenan en el dispositivo del usuario cuando visita un sitio web. Tipos de cookies utilizadas Cookies t\u00e9cnicasPermiten el funcionamiento &#8230; <a title=\"\/politica-de-cookies\" class=\"read-more\" href=\"https:\/\/visualpyme.es\/index.php\/politica-de-cookies\/\">Read more<\/a><\/p>\n","protected":false},"author":1,"featured_media":0,"parent":0,"menu_order":0,"comment_status":"closed","ping_status":"closed","template":"","meta":{"om_disable_all_campaigns":false,"_monsterinsights_skip_tracking":false,"_monsterinsights_sitenote_active":false,"_monsterinsights_sitenote_note":"","_monsterinsights_sitenote_category":0,"footnotes":""},"class_list":["post-838","page","type-page","status-publish"],"aioseo_notices":[],"_links":{"self":[{"href":"https:\/\/visualpyme.es\/index.php\/wp-json\/wp\/v2\/pages\/838","targetHints":{"allow":["GET"]}}],"collection":[{"href":"https:\/\/visualpyme.es\/index.php\/wp-json\/wp\/v2\/pages"}],"about":[{"href":"https:\/\/visualpyme.es\/index.php\/wp-json\/wp\/v2\/types\/page"}],"author":[{"embeddable":true,"href":"https:\/\/visualpyme.es\/index.php\/wp-json\/wp\/v2\/users\/1"}],"replies":[{"embeddable":true,"href":"https:\/\/visualpyme.es\/index.php\/wp-json\/wp\/v2\/comments?post=838"}],"version-history":[{"count":2,"href":"https:\/\/visualpyme.es\/index.php\/wp-json\/wp\/v2\/pages\/838\/revisions"}],"predecessor-version":[{"id":843,"href":"https:\/\/visualpyme.es\/index.php\/wp-json\/wp\/v2\/pages\/838\/revisions\/843"}],"wp:attachment":[{"href":"https:\/\/visualpyme.es\/index.php\/wp-json\/wp\/v2\/media?parent=838"}],"curies":[{"name":"wp","href":"https:\/\/api.w.org\/{rel}","templated":true}]}}