{"id":666,"date":"2024-02-13T10:00:29","date_gmt":"2024-02-13T10:00:29","guid":{"rendered":"https:\/\/visualpyme.es\/?page_id=666"},"modified":"2026-03-16T19:10:59","modified_gmt":"2026-03-16T19:10:59","slug":"visual-bistro","status":"publish","type":"page","link":"https:\/\/visualpyme.es\/index.php\/visual-bistro\/","title":{"rendered":"VISUAL BISTR\u00d3"},"content":{"rendered":"\t\t<div data-elementor-type=\"wp-page\" data-elementor-id=\"666\" class=\"elementor elementor-666\">\n\t\t\t\t\t\t<section class=\"elementor-section elementor-top-section elementor-element elementor-element-6eafa6d elementor-section-full_width elementor-section-height-min-height elementor-section-content-top elementor-section-stretched elementor-section-height-default elementor-section-items-middle\" data-id=\"6eafa6d\" data-element_type=\"section\" data-e-type=\"section\" data-settings=\"{&quot;stretch_section&quot;:&quot;section-stretched&quot;,&quot;background_background&quot;:&quot;classic&quot;}\">\n\t\t\t\t\t\t<div class=\"elementor-container elementor-column-gap-wide\">\n\t\t\t\t\t<div class=\"elementor-column elementor-col-100 elementor-top-column elementor-element elementor-element-1b1056e\" data-id=\"1b1056e\" data-element_type=\"column\" data-e-type=\"column\">\n\t\t\t<div class=\"elementor-widget-wrap elementor-element-populated\">\n\t\t\t\t\t\t<div class=\"elementor-element elementor-element-ce545c0 elementor-absolute elementor-widget elementor-widget-heading\" data-id=\"ce545c0\" data-element_type=\"widget\" data-e-type=\"widget\" data-settings=\"{&quot;_position&quot;:&quot;absolute&quot;}\" data-widget_type=\"heading.default\">\n\t\t\t\t<div class=\"elementor-widget-container\">\n\t\t\t\t\t<h3 class=\"elementor-heading-title elementor-size-default\">Restaurante - Braser\u00eda<\/h3>\t\t\t\t<\/div>\n\t\t\t\t<\/div>\n\t\t\t\t<div class=\"elementor-element elementor-element-6f5a973 elementor-widget__width-initial elementor-widget elementor-widget-heading\" data-id=\"6f5a973\" data-element_type=\"widget\" data-e-type=\"widget\" data-widget_type=\"heading.default\">\n\t\t\t\t<div class=\"elementor-widget-container\">\n\t\t\t\t\t<h1 class=\"elementor-heading-title elementor-size-default\">\nVISUAL\nBISTR\u00d3<\/h1>\t\t\t\t<\/div>\n\t\t\t\t<\/div>\n\t\t\t\t<div class=\"elementor-element elementor-element-c39606c elementor-widget elementor-widget-heading\" data-id=\"c39606c\" data-element_type=\"widget\" data-e-type=\"widget\" data-widget_type=\"heading.default\">\n\t\t\t\t<div class=\"elementor-widget-container\">\n\t\t\t\t\t<h3 class=\"elementor-heading-title elementor-size-default\">Sabor a fuego, pasi\u00f3n en cada bocado<\/h3>\t\t\t\t<\/div>\n\t\t\t\t<\/div>\n\t\t\t\t\t<\/div>\n\t\t<\/div>\n\t\t\t\t\t<\/div>\n\t\t<\/section>\n\t\t\t\t<section class=\"elementor-section elementor-top-section elementor-element elementor-element-190eb51 elementor-section-full_width elementor-section-stretched elementor-section-height-default elementor-section-height-default\" data-id=\"190eb51\" data-element_type=\"section\" data-e-type=\"section\" data-settings=\"{&quot;stretch_section&quot;:&quot;section-stretched&quot;,&quot;background_background&quot;:&quot;classic&quot;}\">\n\t\t\t\t\t\t\t<div class=\"elementor-background-overlay\"><\/div>\n\t\t\t\t\t\t\t<div class=\"elementor-container elementor-column-gap-default\">\n\t\t\t\t\t<div class=\"elementor-column elementor-col-50 elementor-top-column elementor-element elementor-element-f46f839\" data-id=\"f46f839\" data-element_type=\"column\" data-e-type=\"column\">\n\t\t\t<div class=\"elementor-widget-wrap elementor-element-populated\">\n\t\t\t\t\t\t<div class=\"elementor-element elementor-element-af48997 elementor-widget elementor-widget-image\" data-id=\"af48997\" data-element_type=\"widget\" data-e-type=\"widget\" data-widget_type=\"image.default\">\n\t\t\t\t<div class=\"elementor-widget-container\">\n\t\t\t\t\t\t\t\t\t\t\t\t\t\t\t<img fetchpriority=\"high\" decoding=\"async\" width=\"1024\" height=\"1024\" src=\"https:\/\/visualpyme.es\/wp-content\/uploads\/2024\/02\/clientes-comiendo-en-nuestro-restaurante.jpg\" class=\"attachment-large size-large wp-image-676\" alt=\"\" srcset=\"https:\/\/visualpyme.es\/wp-content\/uploads\/2024\/02\/clientes-comiendo-en-nuestro-restaurante.jpg 1024w, https:\/\/visualpyme.es\/wp-content\/uploads\/2024\/02\/clientes-comiendo-en-nuestro-restaurante-300x300.jpg 300w, https:\/\/visualpyme.es\/wp-content\/uploads\/2024\/02\/clientes-comiendo-en-nuestro-restaurante-150x150.jpg 150w, https:\/\/visualpyme.es\/wp-content\/uploads\/2024\/02\/clientes-comiendo-en-nuestro-restaurante-768x768.jpg 768w, https:\/\/visualpyme.es\/wp-content\/uploads\/2024\/02\/clientes-comiendo-en-nuestro-restaurante-144x144.jpg 144w\" sizes=\"(max-width: 1024px) 100vw, 1024px\" \/>\t\t\t\t\t\t\t\t\t\t\t\t\t\t\t<\/div>\n\t\t\t\t<\/div>\n\t\t\t\t\t<\/div>\n\t\t<\/div>\n\t\t\t\t<div class=\"elementor-column elementor-col-50 elementor-top-column elementor-element elementor-element-9f0a534\" data-id=\"9f0a534\" data-element_type=\"column\" data-e-type=\"column\">\n\t\t\t<div class=\"elementor-widget-wrap elementor-element-populated\">\n\t\t\t\t\t\t<div class=\"elementor-element elementor-element-70ef422 elementor-widget elementor-widget-heading\" data-id=\"70ef422\" data-element_type=\"widget\" data-e-type=\"widget\" data-widget_type=\"heading.default\">\n\t\t\t\t<div class=\"elementor-widget-container\">\n\t\t\t\t\t<h3 class=\"elementor-heading-title elementor-size-default\">Brasa y Madera: Donde el Sabor se Abraza al Calor<\/h3>\t\t\t\t<\/div>\n\t\t\t\t<\/div>\n\t\t\t\t<div class=\"elementor-element elementor-element-f4ead4d elementor-widget elementor-widget-text-editor\" data-id=\"f4ead4d\" data-element_type=\"widget\" data-e-type=\"widget\" data-widget_type=\"text-editor.default\">\n\t\t\t\t<div class=\"elementor-widget-container\">\n\t\t\t\t\t\t\t\t\t<p data-start=\"230\" data-end=\"401\"><span style=\"color: #ffffff;\">En nuestro acogedor restaurante bistr\u00f3, la brasa y la madera crean un ambiente c\u00e1lido y aut\u00e9ntico. Desde que entras, te envuelve una sensaci\u00f3n de bienestar y hospitalidad.<\/span><\/p><p data-start=\"403\" data-end=\"599\"><span style=\"color: #ffffff;\">Mesas de roble macizo, iluminaci\u00f3n c\u00e1lida y el aroma de las carnes a la parrilla acompa\u00f1an cada momento. Aqu\u00ed podr\u00e1s relajarte, compartir con amigos y disfrutar de una experiencia culinaria \u00fanica.<\/span><\/p><p data-start=\"601\" data-end=\"745\"><span style=\"color: #ffffff;\">Nuestro equipo te guiar\u00e1 por un men\u00fa lleno de sabor: costillas jugosas, tiernos filetes y una cuidada selecci\u00f3n de vinos y cervezas artesanales.<\/span><\/p><p data-start=\"747\" data-end=\"820\"><span style=\"color: #ffffff;\">Si\u00e9ntate, disfruta del ambiente y d\u00e9jate llevar por la magia de la brasa.<\/span><\/p><p data-start=\"822\" data-end=\"839\"><span style=\"color: #ffffff;\"><strong data-start=\"822\" data-end=\"839\">Te esperamos.<\/strong><\/span><\/p>\t\t\t\t\t\t\t\t<\/div>\n\t\t\t\t<\/div>\n\t\t\t\t<div class=\"elementor-element elementor-element-70ca302 elementor-button-info elementor-align-center elementor-widget elementor-widget-button\" data-id=\"70ca302\" data-element_type=\"widget\" data-e-type=\"widget\" data-widget_type=\"button.default\">\n\t\t\t\t<div class=\"elementor-widget-container\">\n\t\t\t\t\t\t\t\t\t<div class=\"elementor-button-wrapper\">\n\t\t\t\t\t<a class=\"elementor-button elementor-button-link elementor-size-sm\" href=\"https:\/\/visualpyme.es\/index.php\/reservas-visual-bistro\/\">\n\t\t\t\t\t\t<span class=\"elementor-button-content-wrapper\">\n\t\t\t\t\t\t\t\t\t<span class=\"elementor-button-text\">RESERVA CON NOSOTROS<\/span>\n\t\t\t\t\t<\/span>\n\t\t\t\t\t<\/a>\n\t\t\t\t<\/div>\n\t\t\t\t\t\t\t\t<\/div>\n\t\t\t\t<\/div>\n\t\t\t\t\t<\/div>\n\t\t<\/div>\n\t\t\t\t\t<\/div>\n\t\t<\/section>\n\t\t\t\t<section class=\"elementor-section elementor-top-section elementor-element elementor-element-a5f2a38 elementor-section-full_width elementor-section-stretched elementor-section-height-default elementor-section-height-default\" data-id=\"a5f2a38\" data-element_type=\"section\" data-e-type=\"section\" data-settings=\"{&quot;stretch_section&quot;:&quot;section-stretched&quot;,&quot;background_background&quot;:&quot;classic&quot;}\">\n\t\t\t\t\t\t<div class=\"elementor-container elementor-column-gap-default\">\n\t\t\t\t\t<div class=\"elementor-column elementor-col-50 elementor-top-column elementor-element elementor-element-5ed5d93\" data-id=\"5ed5d93\" data-element_type=\"column\" data-e-type=\"column\">\n\t\t\t<div class=\"elementor-widget-wrap elementor-element-populated\">\n\t\t\t\t\t\t<div class=\"elementor-element elementor-element-f5401b2 elementor-widget elementor-widget-text-editor\" data-id=\"f5401b2\" data-element_type=\"widget\" data-e-type=\"widget\" data-widget_type=\"text-editor.default\">\n\t\t\t\t<div class=\"elementor-widget-container\">\n\t\t\t\t\t\t\t\t\t<p data-start=\"191\" data-end=\"370\"><span style=\"color: #ffffff;\">En nuestro restaurante, la parrilla es el coraz\u00f3n de la cocina. Cocinamos lentamente carnes, pescados y verduras seleccionadas para lograr sabores intensos y una textura perfecta.<\/span><\/p><p data-start=\"372\" data-end=\"496\"><span style=\"color: #ffffff;\">Trabajamos con ingredientes de primera calidad y t\u00e9cnicas tradicionales que transforman cada plato en una experiencia \u00fanica.<\/span><\/p><p data-start=\"498\" data-end=\"636\"><span style=\"color: #ffffff;\">Nuestro ambiente acogedor y un servicio cercano hacen que cada visita sea especial, ya sea para una celebraci\u00f3n o una comida entre amigos.<\/span><\/p><p data-start=\"638\" data-end=\"756\"><span style=\"color: #ffffff;\">En el men\u00fa encontrar\u00e1s desde jugosos cortes de carne y costillas ahumadas hasta opciones vegetarianas llenas de sabor.<\/span><\/p><p data-start=\"758\" data-end=\"845\"><span style=\"color: #ffffff;\">Aqu\u00ed la parrilla no es solo una t\u00e9cnica: <strong data-start=\"799\" data-end=\"845\">es un arte que se disfruta en cada bocado.<\/strong><\/span><\/p>\t\t\t\t\t\t\t\t<\/div>\n\t\t\t\t<\/div>\n\t\t\t\t<div class=\"elementor-element elementor-element-3d83634 elementor-button-info elementor-align-center elementor-widget elementor-widget-button\" data-id=\"3d83634\" data-element_type=\"widget\" data-e-type=\"widget\" data-widget_type=\"button.default\">\n\t\t\t\t<div class=\"elementor-widget-container\">\n\t\t\t\t\t\t\t\t\t<div class=\"elementor-button-wrapper\">\n\t\t\t\t\t<a class=\"elementor-button elementor-button-link elementor-size-sm\" href=\"https:\/\/visualpyme.es\/index.php\/reservas-visual-bistro\/\">\n\t\t\t\t\t\t<span class=\"elementor-button-content-wrapper\">\n\t\t\t\t\t\t\t\t\t<span class=\"elementor-button-text\">RESERVA MESA<\/span>\n\t\t\t\t\t<\/span>\n\t\t\t\t\t<\/a>\n\t\t\t\t<\/div>\n\t\t\t\t\t\t\t\t<\/div>\n\t\t\t\t<\/div>\n\t\t\t\t\t<\/div>\n\t\t<\/div>\n\t\t\t\t<div class=\"elementor-column elementor-col-50 elementor-top-column elementor-element elementor-element-7e9d175\" data-id=\"7e9d175\" data-element_type=\"column\" data-e-type=\"column\">\n\t\t\t<div class=\"elementor-widget-wrap elementor-element-populated\">\n\t\t\t\t\t\t<div class=\"elementor-element elementor-element-00b34e0 elementor-widget elementor-widget-image\" data-id=\"00b34e0\" data-element_type=\"widget\" data-e-type=\"widget\" data-widget_type=\"image.default\">\n\t\t\t\t<div class=\"elementor-widget-container\">\n\t\t\t\t\t\t\t\t\t\t\t\t\t\t\t<img decoding=\"async\" width=\"1024\" height=\"1024\" src=\"https:\/\/visualpyme.es\/wp-content\/uploads\/2024\/02\/parrila-en-la-cocina.jpg\" class=\"attachment-large size-large wp-image-681\" alt=\"\" srcset=\"https:\/\/visualpyme.es\/wp-content\/uploads\/2024\/02\/parrila-en-la-cocina.jpg 1024w, https:\/\/visualpyme.es\/wp-content\/uploads\/2024\/02\/parrila-en-la-cocina-300x300.jpg 300w, https:\/\/visualpyme.es\/wp-content\/uploads\/2024\/02\/parrila-en-la-cocina-150x150.jpg 150w, https:\/\/visualpyme.es\/wp-content\/uploads\/2024\/02\/parrila-en-la-cocina-768x768.jpg 768w, https:\/\/visualpyme.es\/wp-content\/uploads\/2024\/02\/parrila-en-la-cocina-144x144.jpg 144w\" sizes=\"(max-width: 1024px) 100vw, 1024px\" \/>\t\t\t\t\t\t\t\t\t\t\t\t\t\t\t<\/div>\n\t\t\t\t<\/div>\n\t\t\t\t\t<\/div>\n\t\t<\/div>\n\t\t\t\t\t<\/div>\n\t\t<\/section>\n\t\t\t\t<section class=\"elementor-section elementor-top-section elementor-element elementor-element-b4b58e0 elementor-section-full_width elementor-section-stretched elementor-section-height-default elementor-section-height-default\" data-id=\"b4b58e0\" data-element_type=\"section\" data-e-type=\"section\" data-settings=\"{&quot;stretch_section&quot;:&quot;section-stretched&quot;,&quot;background_background&quot;:&quot;classic&quot;}\">\n\t\t\t\t\t\t<div class=\"elementor-container elementor-column-gap-default\">\n\t\t\t\t\t<div class=\"elementor-column elementor-col-100 elementor-top-column elementor-element elementor-element-93345dc\" data-id=\"93345dc\" data-element_type=\"column\" data-e-type=\"column\">\n\t\t\t<div class=\"elementor-widget-wrap elementor-element-populated\">\n\t\t\t\t\t\t<div class=\"elementor-element elementor-element-896e0c2 elementor-widget elementor-widget-heading\" data-id=\"896e0c2\" data-element_type=\"widget\" data-e-type=\"widget\" data-widget_type=\"heading.default\">\n\t\t\t\t<div class=\"elementor-widget-container\">\n\t\t\t\t\t<h2 class=\"elementor-heading-title elementor-size-default\">Descubre un Fest\u00edn de Sabores: Nuestro Men\u00fa de Delicias Culinarias<\/h2>\t\t\t\t<\/div>\n\t\t\t\t<\/div>\n\t\t\t\t\t<\/div>\n\t\t<\/div>\n\t\t\t\t\t<\/div>\n\t\t<\/section>\n\t\t\t\t<section class=\"elementor-section elementor-top-section elementor-element elementor-element-b6a03e2 elementor-section-full_width elementor-section-stretched elementor-section-height-default elementor-section-height-default\" data-id=\"b6a03e2\" data-element_type=\"section\" data-e-type=\"section\" data-settings=\"{&quot;stretch_section&quot;:&quot;section-stretched&quot;,&quot;background_background&quot;:&quot;classic&quot;}\">\n\t\t\t\t\t\t<div class=\"elementor-container elementor-column-gap-default\">\n\t\t\t\t\t<div class=\"elementor-column elementor-col-50 elementor-top-column elementor-element elementor-element-1c0bcf6\" data-id=\"1c0bcf6\" data-element_type=\"column\" data-e-type=\"column\">\n\t\t\t<div class=\"elementor-widget-wrap elementor-element-populated\">\n\t\t\t\t\t\t<div class=\"elementor-element elementor-element-b02a4ee elementor-widget elementor-widget-image\" data-id=\"b02a4ee\" data-element_type=\"widget\" data-e-type=\"widget\" data-widget_type=\"image.default\">\n\t\t\t\t<div class=\"elementor-widget-container\">\n\t\t\t\t\t\t\t\t\t\t\t\t\t\t\t<img decoding=\"async\" width=\"724\" height=\"1024\" src=\"https:\/\/visualpyme.es\/wp-content\/uploads\/2024\/02\/MENU-RESTAURANTE-VISUAL-BISTRO-1-724x1024.jpg\" class=\"attachment-large size-large wp-image-682\" alt=\"\" srcset=\"https:\/\/visualpyme.es\/wp-content\/uploads\/2024\/02\/MENU-RESTAURANTE-VISUAL-BISTRO-1-724x1024.jpg 724w, https:\/\/visualpyme.es\/wp-content\/uploads\/2024\/02\/MENU-RESTAURANTE-VISUAL-BISTRO-1-212x300.jpg 212w, https:\/\/visualpyme.es\/wp-content\/uploads\/2024\/02\/MENU-RESTAURANTE-VISUAL-BISTRO-1-768x1087.jpg 768w, https:\/\/visualpyme.es\/wp-content\/uploads\/2024\/02\/MENU-RESTAURANTE-VISUAL-BISTRO-1-1085x1536.jpg 1085w, https:\/\/visualpyme.es\/wp-content\/uploads\/2024\/02\/MENU-RESTAURANTE-VISUAL-BISTRO-1.jpg 1240w\" sizes=\"(max-width: 724px) 100vw, 724px\" \/>\t\t\t\t\t\t\t\t\t\t\t\t\t\t\t<\/div>\n\t\t\t\t<\/div>\n\t\t\t\t\t<\/div>\n\t\t<\/div>\n\t\t\t\t<div class=\"elementor-column elementor-col-50 elementor-top-column elementor-element elementor-element-e16c783\" data-id=\"e16c783\" data-element_type=\"column\" data-e-type=\"column\">\n\t\t\t<div class=\"elementor-widget-wrap elementor-element-populated\">\n\t\t\t\t\t\t<div class=\"elementor-element elementor-element-cf8d142 elementor-widget elementor-widget-image\" data-id=\"cf8d142\" data-element_type=\"widget\" data-e-type=\"widget\" data-widget_type=\"image.default\">\n\t\t\t\t<div class=\"elementor-widget-container\">\n\t\t\t\t\t\t\t\t\t\t\t\t\t\t\t<img loading=\"lazy\" decoding=\"async\" width=\"724\" height=\"1024\" src=\"https:\/\/visualpyme.es\/wp-content\/uploads\/2024\/02\/MENU-RESTAURANTE-VISUAL-BISTRO-2-724x1024.jpg\" class=\"attachment-large size-large wp-image-683\" alt=\"\" srcset=\"https:\/\/visualpyme.es\/wp-content\/uploads\/2024\/02\/MENU-RESTAURANTE-VISUAL-BISTRO-2-724x1024.jpg 724w, https:\/\/visualpyme.es\/wp-content\/uploads\/2024\/02\/MENU-RESTAURANTE-VISUAL-BISTRO-2-212x300.jpg 212w, https:\/\/visualpyme.es\/wp-content\/uploads\/2024\/02\/MENU-RESTAURANTE-VISUAL-BISTRO-2-768x1087.jpg 768w, https:\/\/visualpyme.es\/wp-content\/uploads\/2024\/02\/MENU-RESTAURANTE-VISUAL-BISTRO-2-1085x1536.jpg 1085w, https:\/\/visualpyme.es\/wp-content\/uploads\/2024\/02\/MENU-RESTAURANTE-VISUAL-BISTRO-2.jpg 1240w\" sizes=\"(max-width: 724px) 100vw, 724px\" \/>\t\t\t\t\t\t\t\t\t\t\t\t\t\t\t<\/div>\n\t\t\t\t<\/div>\n\t\t\t\t\t<\/div>\n\t\t<\/div>\n\t\t\t\t\t<\/div>\n\t\t<\/section>\n\t\t\t\t<section class=\"elementor-section elementor-top-section elementor-element elementor-element-30250ba elementor-section-full_width elementor-section-stretched elementor-section-height-default elementor-section-height-default\" data-id=\"30250ba\" data-element_type=\"section\" data-e-type=\"section\" data-settings=\"{&quot;stretch_section&quot;:&quot;section-stretched&quot;,&quot;background_background&quot;:&quot;classic&quot;}\">\n\t\t\t\t\t\t<div class=\"elementor-container elementor-column-gap-default\">\n\t\t\t\t\t<div class=\"elementor-column elementor-col-50 elementor-top-column elementor-element elementor-element-f2d3eef\" data-id=\"f2d3eef\" data-element_type=\"column\" data-e-type=\"column\">\n\t\t\t<div class=\"elementor-widget-wrap elementor-element-populated\">\n\t\t\t\t\t\t<div class=\"elementor-element elementor-element-256f3c2 elementor-widget elementor-widget-text-editor\" data-id=\"256f3c2\" data-element_type=\"widget\" data-e-type=\"widget\" data-widget_type=\"text-editor.default\">\n\t\t\t\t<div class=\"elementor-widget-container\">\n\t\t\t\t\t\t\t\t\t<h2 style=\"text-align: center;\"><span style=\"color: #e4bc6e;\">Restaurante Parrilla Visual Bistr\u00f3<\/span><\/h2><p style=\"text-align: center;\"><span style=\"color: #ffffff;\">Estamos en la calle paseo de Artilleros N\u00ba 17 (Madrid)<\/span><\/p><p style=\"text-align: center;\"><span style=\"color: #ffffff;\">Horario: Mi\u00e9rcoles a Domingo de 16:00 a 23:00 h<\/span><\/p><p style=\"text-align: center;\"><span style=\"color: #ffffff;\">\u00a0 \u00a0Tel\u00e9fono de informaci\u00f3n\u00a0 y reservas: 91 7761695<\/span><\/p><p style=\"text-align: center;\"><span style=\"color: #ffffff;\">RESERVA ONLINE <a href=\"https:\/\/visualpyme.es\/index.php\/reservas-visual-bistro\/\">AQU\u00cd<\/a><\/span><\/p><p><span style=\"color: #e4bc6e;\">www.visualbistro.com 2026<\/span><\/p>\t\t\t\t\t\t\t\t<\/div>\n\t\t\t\t<\/div>\n\t\t\t\t\t<\/div>\n\t\t<\/div>\n\t\t\t\t<div class=\"elementor-column elementor-col-50 elementor-top-column elementor-element elementor-element-41fb81a\" data-id=\"41fb81a\" data-element_type=\"column\" data-e-type=\"column\">\n\t\t\t<div class=\"elementor-widget-wrap elementor-element-populated\">\n\t\t\t\t\t\t<div class=\"elementor-element elementor-element-46d048f elementor-widget elementor-widget-google_maps\" data-id=\"46d048f\" data-element_type=\"widget\" data-e-type=\"widget\" data-widget_type=\"google_maps.default\">\n\t\t\t\t<div class=\"elementor-widget-container\">\n\t\t\t\t\t\t\t<div class=\"elementor-custom-embed\">\n\t\t\t<iframe loading=\"lazy\"\n\t\t\t\t\tsrc=\"https:\/\/maps.google.com\/maps?q=paseo%20de%20artilleros%2017&#038;t=m&#038;z=10&#038;output=embed&#038;iwloc=near\"\n\t\t\t\t\ttitle=\"paseo de artilleros 17\"\n\t\t\t\t\taria-label=\"paseo de artilleros 17\"\n\t\t\t><\/iframe>\n\t\t<\/div>\n\t\t\t\t\t\t<\/div>\n\t\t\t\t<\/div>\n\t\t\t\t\t<\/div>\n\t\t<\/div>\n\t\t\t\t\t<\/div>\n\t\t<\/section>\n\t\t\t\t<section class=\"elementor-section elementor-top-section elementor-element elementor-element-64217bb elementor-section-full_width elementor-section-stretched elementor-section-height-default elementor-section-height-default\" data-id=\"64217bb\" data-element_type=\"section\" data-e-type=\"section\" data-settings=\"{&quot;stretch_section&quot;:&quot;section-stretched&quot;,&quot;background_background&quot;:&quot;classic&quot;}\">\n\t\t\t\t\t\t\t<div class=\"elementor-background-overlay\"><\/div>\n\t\t\t\t\t\t\t<div class=\"elementor-container elementor-column-gap-default\">\n\t\t\t\t\t<div class=\"elementor-column elementor-col-33 elementor-top-column elementor-element elementor-element-2f408c6\" data-id=\"2f408c6\" data-element_type=\"column\" data-e-type=\"column\">\n\t\t\t<div class=\"elementor-widget-wrap elementor-element-populated\">\n\t\t\t\t\t\t<div class=\"elementor-element elementor-element-ff25acc elementor-view-default elementor-widget elementor-widget-icon\" data-id=\"ff25acc\" data-element_type=\"widget\" data-e-type=\"widget\" data-widget_type=\"icon.default\">\n\t\t\t\t<div class=\"elementor-widget-container\">\n\t\t\t\t\t\t\t<div class=\"elementor-icon-wrapper\">\n\t\t\t<div class=\"elementor-icon\">\n\t\t\t<i aria-hidden=\"true\" class=\"fab fa-facebook\"><\/i>\t\t\t<\/div>\n\t\t<\/div>\n\t\t\t\t\t\t<\/div>\n\t\t\t\t<\/div>\n\t\t\t\t\t<\/div>\n\t\t<\/div>\n\t\t\t\t<div class=\"elementor-column elementor-col-33 elementor-top-column elementor-element elementor-element-847c15d\" data-id=\"847c15d\" data-element_type=\"column\" data-e-type=\"column\">\n\t\t\t<div class=\"elementor-widget-wrap elementor-element-populated\">\n\t\t\t\t\t\t<div class=\"elementor-element elementor-element-56c0503 elementor-view-default elementor-widget elementor-widget-icon\" data-id=\"56c0503\" data-element_type=\"widget\" data-e-type=\"widget\" data-widget_type=\"icon.default\">\n\t\t\t\t<div class=\"elementor-widget-container\">\n\t\t\t\t\t\t\t<div class=\"elementor-icon-wrapper\">\n\t\t\t<div class=\"elementor-icon\">\n\t\t\t<i aria-hidden=\"true\" class=\"fab fa-instagram\"><\/i>\t\t\t<\/div>\n\t\t<\/div>\n\t\t\t\t\t\t<\/div>\n\t\t\t\t<\/div>\n\t\t\t\t\t<\/div>\n\t\t<\/div>\n\t\t\t\t<div class=\"elementor-column elementor-col-33 elementor-top-column elementor-element elementor-element-35cbb1c\" data-id=\"35cbb1c\" data-element_type=\"column\" data-e-type=\"column\">\n\t\t\t<div class=\"elementor-widget-wrap elementor-element-populated\">\n\t\t\t\t\t\t<div class=\"elementor-element elementor-element-a03e056 elementor-view-default elementor-widget elementor-widget-icon\" data-id=\"a03e056\" data-element_type=\"widget\" data-e-type=\"widget\" data-widget_type=\"icon.default\">\n\t\t\t\t<div class=\"elementor-widget-container\">\n\t\t\t\t\t\t\t<div class=\"elementor-icon-wrapper\">\n\t\t\t<div class=\"elementor-icon\">\n\t\t\t<i aria-hidden=\"true\" class=\"fab fa-twitch\"><\/i>\t\t\t<\/div>\n\t\t<\/div>\n\t\t\t\t\t\t<\/div>\n\t\t\t\t<\/div>\n\t\t\t\t\t<\/div>\n\t\t<\/div>\n\t\t\t\t\t<\/div>\n\t\t<\/section>\n\t\t\t\t<section class=\"elementor-section elementor-top-section elementor-element elementor-element-c8ab0e9 elementor-section-full_width elementor-section-stretched elementor-section-height-default elementor-section-height-default\" data-id=\"c8ab0e9\" data-element_type=\"section\" data-e-type=\"section\" data-settings=\"{&quot;stretch_section&quot;:&quot;section-stretched&quot;,&quot;background_background&quot;:&quot;classic&quot;}\">\n\t\t\t\t\t\t<div class=\"elementor-container elementor-column-gap-default\">\n\t\t\t\t\t<div class=\"elementor-column elementor-col-100 elementor-top-column elementor-element elementor-element-748d84e\" data-id=\"748d84e\" data-element_type=\"column\" data-e-type=\"column\">\n\t\t\t<div class=\"elementor-widget-wrap elementor-element-populated\">\n\t\t\t\t\t\t<div class=\"elementor-element elementor-element-1e57778 elementor-widget elementor-widget-heading\" data-id=\"1e57778\" data-element_type=\"widget\" data-e-type=\"widget\" data-widget_type=\"heading.default\">\n\t\t\t\t<div class=\"elementor-widget-container\">\n\t\t\t\t\t<h3 class=\"elementor-heading-title elementor-size-default\">S\u00edguenos en nuestras redes sociales<\/h3>\t\t\t\t<\/div>\n\t\t\t\t<\/div>\n\t\t\t\t\t<\/div>\n\t\t<\/div>\n\t\t\t\t\t<\/div>\n\t\t<\/section>\n\t\t\t\t<\/div>\n\t\t","protected":false},"excerpt":{"rendered":"<p>Restaurante &#8211; Braser\u00eda VISUAL BISTR\u00d3 Sabor a fuego, pasi\u00f3n en cada bocado Brasa y Madera: Donde el Sabor se Abraza al Calor En nuestro acogedor restaurante bistr\u00f3, la brasa y la madera crean un ambiente c\u00e1lido y aut\u00e9ntico. Desde que entras, te envuelve una sensaci\u00f3n de bienestar y hospitalidad. Mesas de roble macizo, iluminaci\u00f3n c\u00e1lida &#8230; <a title=\"VISUAL BISTR\u00d3\" class=\"read-more\" href=\"https:\/\/visualpyme.es\/index.php\/visual-bistro\/\">Read more<\/a><\/p>\n","protected":false},"author":1,"featured_media":0,"parent":0,"menu_order":0,"comment_status":"closed","ping_status":"closed","template":"elementor_header_footer","meta":{"om_disable_all_campaigns":false,"_monsterinsights_skip_tracking":false,"_monsterinsights_sitenote_active":false,"_monsterinsights_sitenote_note":"","_monsterinsights_sitenote_category":0,"footnotes":""},"class_list":["post-666","page","type-page","status-publish"],"aioseo_notices":[],"_links":{"self":[{"href":"https:\/\/visualpyme.es\/index.php\/wp-json\/wp\/v2\/pages\/666","targetHints":{"allow":["GET"]}}],"collection":[{"href":"https:\/\/visualpyme.es\/index.php\/wp-json\/wp\/v2\/pages"}],"about":[{"href":"https:\/\/visualpyme.es\/index.php\/wp-json\/wp\/v2\/types\/page"}],"author":[{"embeddable":true,"href":"https:\/\/visualpyme.es\/index.php\/wp-json\/wp\/v2\/users\/1"}],"replies":[{"embeddable":true,"href":"https:\/\/visualpyme.es\/index.php\/wp-json\/wp\/v2\/comments?post=666"}],"version-history":[{"count":33,"href":"https:\/\/visualpyme.es\/index.php\/wp-json\/wp\/v2\/pages\/666\/revisions"}],"predecessor-version":[{"id":912,"href":"https:\/\/visualpyme.es\/index.php\/wp-json\/wp\/v2\/pages\/666\/revisions\/912"}],"wp:attachment":[{"href":"https:\/\/visualpyme.es\/index.php\/wp-json\/wp\/v2\/media?parent=666"}],"curies":[{"name":"wp","href":"https:\/\/api.w.org\/{rel}","templated":true}]}}